{"id":23,"date":"2025-07-23T17:37:20","date_gmt":"2025-07-23T17:37:20","guid":{"rendered":"https:\/\/montefab.ind.br\/novosite\/?page_id=23"},"modified":"2025-08-13T12:12:24","modified_gmt":"2025-08-13T12:12:24","slug":"equipamentos-para-saneamento","status":"publish","type":"page","link":"https:\/\/montefab.ind.br\/novosite\/equipamentos-para-saneamento\/","title":{"rendered":"Equipamentos para Saneamento"},"content":{"rendered":"\t\t<div data-elementor-type=\"wp-page\" data-elementor-id=\"23\" class=\"elementor elementor-23\">\n\t\t\t\t<div class=\"elementor-element elementor-element-b85663b e-flex e-con-boxed wpr-particle-no wpr-jarallax-no wpr-parallax-no wpr-sticky-section-no e-con e-parent\" data-id=\"b85663b\" data-element_type=\"container\" data-settings=\"{&quot;background_background&quot;:&quot;classic&quot;}\">\n\t\t\t\t\t<div class=\"e-con-inner\">\n\t\t<div class=\"elementor-element elementor-element-b47eaff e-con-full e-flex wpr-particle-no wpr-jarallax-no wpr-parallax-no wpr-sticky-section-no e-con e-child\" data-id=\"b47eaff\" data-element_type=\"container\">\n\t\t\t\t<div class=\"elementor-element elementor-element-80edac9 elementor-widget elementor-widget-heading\" data-id=\"80edac9\" data-element_type=\"widget\" data-widget_type=\"heading.default\">\n\t\t\t\t\t<h2 class=\"elementor-heading-title elementor-size-default\">EQUIPAMENTOS<\/h2>\t\t\t\t<\/div>\n\t\t\t\t<div class=\"elementor-element elementor-element-3b961f4 elementor-widget__width-initial elementor-widget elementor-widget-heading\" data-id=\"3b961f4\" data-element_type=\"widget\" data-widget_type=\"heading.default\">\n\t\t\t\t\t<h2 class=\"elementor-heading-title elementor-size-default\">PARA SANEAMENTO<\/h2>\t\t\t\t<\/div>\n\t\t\t\t<\/div>\n\t\t<div class=\"elementor-element elementor-element-30a0969 e-con-full e-flex wpr-particle-no wpr-jarallax-no wpr-parallax-no wpr-sticky-section-no e-con e-child\" data-id=\"30a0969\" data-element_type=\"container\">\n\t\t\t\t<div class=\"elementor-element elementor-element-e765310 elementor-widget__width-initial elementor-widget elementor-widget-heading\" data-id=\"e765310\" data-element_type=\"widget\" data-widget_type=\"heading.default\">\n\t\t\t\t\t<h2 class=\"elementor-heading-title elementor-size-default\">A Montefab oferece solu\u00e7\u00f5es completas e sob medida para o setor de saneamento, com a qualidade e robustez que s\u00f3 quem tem a m\u00e3o de obra mais qualificada do pa\u00eds pode garantir.<\/h2>\t\t\t\t<\/div>\n\t\t\t\t<\/div>\n\t\t\t\t\t<\/div>\n\t\t\t\t<\/div>\n\t\t<div class=\"elementor-element elementor-element-dbaf205 e-flex e-con-boxed wpr-particle-no wpr-jarallax-no wpr-parallax-no wpr-sticky-section-no e-con e-parent\" data-id=\"dbaf205\" data-element_type=\"container\" data-settings=\"{&quot;background_background&quot;:&quot;classic&quot;}\">\n\t\t\t\t\t<div class=\"e-con-inner\">\n\t\t<div class=\"elementor-element elementor-element-47ea07d e-con-full e-flex wpr-particle-no wpr-jarallax-no wpr-parallax-no wpr-sticky-section-no e-con e-child\" data-id=\"47ea07d\" data-element_type=\"container\">\n\t\t\t\t<div class=\"elementor-element elementor-element-6e78df3 elementor-widget elementor-widget-image\" data-id=\"6e78df3\" data-element_type=\"widget\" data-widget_type=\"image.default\">\n\t\t\t\t\t\t\t\t\t\t\t\t\t\t\t<img fetchpriority=\"high\" decoding=\"async\" width=\"350\" height=\"200\" src=\"https:\/\/montefab.ind.br\/novosite\/wp-content\/uploads\/2025\/07\/Saneamento_1.png\" class=\"attachment-large size-large wp-image-239\" alt=\"\" srcset=\"https:\/\/montefab.ind.br\/novosite\/wp-content\/uploads\/2025\/07\/Saneamento_1.png 350w, https:\/\/montefab.ind.br\/novosite\/wp-content\/uploads\/2025\/07\/Saneamento_1-300x171.png 300w\" sizes=\"(max-width: 350px) 100vw, 350px\" \/>\t\t\t\t\t\t\t\t\t\t\t\t\t\t\t<\/div>\n\t\t\t\t<\/div>\n\t\t<div class=\"elementor-element elementor-element-165210f e-con-full e-flex wpr-particle-no wpr-jarallax-no wpr-parallax-no wpr-sticky-section-no e-con e-child\" data-id=\"165210f\" data-element_type=\"container\">\n\t\t\t\t<div class=\"elementor-element elementor-element-843ca21 elementor-widget elementor-widget-heading\" data-id=\"843ca21\" data-element_type=\"widget\" data-widget_type=\"heading.default\">\n\t\t\t\t\t<h2 class=\"elementor-heading-title elementor-size-default\">MANUTEN\u00c7\u00c3O<\/h2>\t\t\t\t<\/div>\n\t\t\t\t<div class=\"elementor-element elementor-element-96e50a1 elementor-widget__width-initial elementor-widget elementor-widget-heading\" data-id=\"96e50a1\" data-element_type=\"widget\" data-widget_type=\"heading.default\">\n\t\t\t\t\t<h2 class=\"elementor-heading-title elementor-size-default\">Especialistas em manter seu equipamento sempre pronto para o trabalho.<\/h2>\t\t\t\t<\/div>\n\t\t\t\t<div class=\"elementor-element elementor-element-2eb18ed elementor-widget__width-initial elementor-widget elementor-widget-heading\" data-id=\"2eb18ed\" data-element_type=\"widget\" data-widget_type=\"heading.default\">\n\t\t\t\t\t<h2 class=\"elementor-heading-title elementor-size-default\">\u2022\tBombas de v\u00e1cuo e anel l\u00edquido<\/h2>\t\t\t\t<\/div>\n\t\t\t\t<div class=\"elementor-element elementor-element-97f6fe7 elementor-widget__width-initial elementor-widget elementor-widget-heading\" data-id=\"97f6fe7\" data-element_type=\"widget\" data-widget_type=\"heading.default\">\n\t\t\t\t\t<h2 class=\"elementor-heading-title elementor-size-default\">\u2022\t\tTanques de suc\u00e7\u00e3o e reservat\u00f3rios<\/h2>\t\t\t\t<\/div>\n\t\t\t\t<div class=\"elementor-element elementor-element-683850f elementor-widget__width-initial elementor-widget elementor-widget-heading\" data-id=\"683850f\" data-element_type=\"widget\" data-widget_type=\"heading.default\">\n\t\t\t\t\t<h2 class=\"elementor-heading-title elementor-size-default\">\u2022\tSistemas hidr\u00e1ulicos e pneum\u00e1ticos<\/h2>\t\t\t\t<\/div>\n\t\t\t\t<div class=\"elementor-element elementor-element-268341e elementor-widget__width-initial elementor-widget elementor-widget-heading\" data-id=\"268341e\" data-element_type=\"widget\" data-widget_type=\"heading.default\">\n\t\t\t\t\t<h2 class=\"elementor-heading-title elementor-size-default\">\u2022\tHidrojateadoras e componentes de alta press\u00e3o<\/h2>\t\t\t\t<\/div>\n\t\t\t\t<div class=\"elementor-element elementor-element-9d1b70d elementor-widget__width-initial elementor-widget elementor-widget-heading\" data-id=\"9d1b70d\" data-element_type=\"widget\" data-widget_type=\"heading.default\">\n\t\t\t\t\t<h2 class=\"elementor-heading-title elementor-size-default\"><b><span style=\"font-size:10.5pt;line-height:107%;,sans-serif\">Confian\u00e7a, agilidade e pe\u00e7as originais.<\/span><\/b><\/h2>\t\t\t\t<\/div>\n\t\t\t\t<\/div>\n\t\t\t\t\t<\/div>\n\t\t\t\t<\/div>\n\t\t<div class=\"elementor-element elementor-element-d03fe41 e-flex e-con-boxed wpr-particle-no wpr-jarallax-no wpr-parallax-no wpr-sticky-section-no e-con e-parent\" data-id=\"d03fe41\" data-element_type=\"container\" data-settings=\"{&quot;background_background&quot;:&quot;classic&quot;}\">\n\t\t\t\t\t<div class=\"e-con-inner\">\n\t\t<div class=\"elementor-element elementor-element-2287507 e-con-full e-flex wpr-particle-no wpr-jarallax-no wpr-parallax-no wpr-sticky-section-no e-con e-child\" data-id=\"2287507\" data-element_type=\"container\">\n\t\t\t\t<div class=\"elementor-element elementor-element-9b1294d elementor-widget elementor-widget-image\" data-id=\"9b1294d\" data-element_type=\"widget\" data-widget_type=\"image.default\">\n\t\t\t\t\t\t\t\t\t\t\t\t\t\t\t<img decoding=\"async\" width=\"350\" height=\"200\" src=\"https:\/\/montefab.ind.br\/novosite\/wp-content\/uploads\/2025\/08\/Saneamento_2.png\" class=\"attachment-large size-large wp-image-255\" alt=\"\" srcset=\"https:\/\/montefab.ind.br\/novosite\/wp-content\/uploads\/2025\/08\/Saneamento_2.png 350w, https:\/\/montefab.ind.br\/novosite\/wp-content\/uploads\/2025\/08\/Saneamento_2-300x171.png 300w\" sizes=\"(max-width: 350px) 100vw, 350px\" \/>\t\t\t\t\t\t\t\t\t\t\t\t\t\t\t<\/div>\n\t\t\t\t<\/div>\n\t\t<div class=\"elementor-element elementor-element-13f4535 e-con-full e-flex wpr-particle-no wpr-jarallax-no wpr-parallax-no wpr-sticky-section-no e-con e-child\" data-id=\"13f4535\" data-element_type=\"container\">\n\t\t\t\t<div class=\"elementor-element elementor-element-396b276 elementor-widget elementor-widget-heading\" data-id=\"396b276\" data-element_type=\"widget\" data-widget_type=\"heading.default\">\n\t\t\t\t\t<h2 class=\"elementor-heading-title elementor-size-default\">EQUIPAMENTOS<\/h2>\t\t\t\t<\/div>\n\t\t\t\t<div class=\"elementor-element elementor-element-e64c379 elementor-widget__width-initial elementor-widget elementor-widget-heading\" data-id=\"e64c379\" data-element_type=\"widget\" data-widget_type=\"heading.default\">\n\t\t\t\t\t<h2 class=\"elementor-heading-title elementor-size-default\">Projetos compactos e potentes para quem precisa de mobilidade e desempenho.<\/h2>\t\t\t\t<\/div>\n\t\t\t\t<div class=\"elementor-element elementor-element-228fdff elementor-widget__width-initial elementor-widget elementor-widget-heading\" data-id=\"228fdff\" data-element_type=\"widget\" data-widget_type=\"heading.default\">\n\t\t\t\t\t<h2 class=\"elementor-heading-title elementor-size-default\">\u2022\tMini-v\u00e1cuo limpa-fossa para ve\u00edculos como HR e 3\/4<\/h2>\t\t\t\t<\/div>\n\t\t\t\t<div class=\"elementor-element elementor-element-6eb7c55 elementor-widget__width-initial elementor-widget elementor-widget-heading\" data-id=\"6eb7c55\" data-element_type=\"widget\" data-widget_type=\"heading.default\">\n\t\t\t\t\t<h2 class=\"elementor-heading-title elementor-size-default\">\u2022\tBombas de v\u00e1cuo e hidrojato de alta performance<\/h2>\t\t\t\t<\/div>\n\t\t\t\t<div class=\"elementor-element elementor-element-b66001f elementor-widget__width-initial elementor-widget elementor-widget-heading\" data-id=\"b66001f\" data-element_type=\"widget\" data-widget_type=\"heading.default\">\n\t\t\t\t\t<h2 class=\"elementor-heading-title elementor-size-default\">\u2022\tSistemas combinados para suc\u00e7\u00e3o e hidrojateamento<\/h2>\t\t\t\t<\/div>\n\t\t\t\t<\/div>\n\t\t\t\t\t<\/div>\n\t\t\t\t<\/div>\n\t\t<div class=\"elementor-element elementor-element-6bf496d e-flex e-con-boxed wpr-particle-no wpr-jarallax-no wpr-parallax-no wpr-sticky-section-no e-con e-parent\" data-id=\"6bf496d\" data-element_type=\"container\" data-settings=\"{&quot;background_background&quot;:&quot;classic&quot;}\">\n\t\t\t\t\t<div class=\"e-con-inner\">\n\t\t<div class=\"elementor-element elementor-element-ea859f3 e-con-full e-flex wpr-particle-no wpr-jarallax-no wpr-parallax-no wpr-sticky-section-no e-con e-child\" data-id=\"ea859f3\" data-element_type=\"container\">\n\t\t\t\t<div class=\"elementor-element elementor-element-e56a2ec elementor-widget elementor-widget-image\" data-id=\"e56a2ec\" data-element_type=\"widget\" data-widget_type=\"image.default\">\n\t\t\t\t\t\t\t\t\t\t\t\t\t\t\t<img decoding=\"async\" width=\"350\" height=\"200\" src=\"https:\/\/montefab.ind.br\/novosite\/wp-content\/uploads\/2025\/08\/Saneamento_3.png\" class=\"attachment-large size-large wp-image-260\" alt=\"\" srcset=\"https:\/\/montefab.ind.br\/novosite\/wp-content\/uploads\/2025\/08\/Saneamento_3.png 350w, https:\/\/montefab.ind.br\/novosite\/wp-content\/uploads\/2025\/08\/Saneamento_3-300x171.png 300w\" sizes=\"(max-width: 350px) 100vw, 350px\" \/>\t\t\t\t\t\t\t\t\t\t\t\t\t\t\t<\/div>\n\t\t\t\t<\/div>\n\t\t<div class=\"elementor-element elementor-element-297b324 e-con-full e-flex wpr-particle-no wpr-jarallax-no wpr-parallax-no wpr-sticky-section-no e-con e-child\" data-id=\"297b324\" data-element_type=\"container\">\n\t\t\t\t<div class=\"elementor-element elementor-element-bdf09ee elementor-widget elementor-widget-heading\" data-id=\"bdf09ee\" data-element_type=\"widget\" data-widget_type=\"heading.default\">\n\t\t\t\t\t<h2 class=\"elementor-heading-title elementor-size-default\">PROJETOS<\/h2>\t\t\t\t<\/div>\n\t\t\t\t<div class=\"elementor-element elementor-element-9dc6a41 elementor-widget__width-initial elementor-widget elementor-widget-heading\" data-id=\"9dc6a41\" data-element_type=\"widget\" data-widget_type=\"heading.default\">\n\t\t\t\t\t<h2 class=\"elementor-heading-title elementor-size-default\">Da ideia ao caminh\u00e3o pronto para rodar.<\/h2>\t\t\t\t<\/div>\n\t\t\t\t<div class=\"elementor-element elementor-element-f9516bb elementor-widget__width-initial elementor-widget elementor-widget-heading\" data-id=\"f9516bb\" data-element_type=\"widget\" data-widget_type=\"heading.default\">\n\t\t\t\t\t<h2 class=\"elementor-heading-title elementor-size-default\">\u2022\tExecu\u00e7\u00e3o completa de caminh\u00f5es limpa-fossa<\/h2>\t\t\t\t<\/div>\n\t\t\t\t<div class=\"elementor-element elementor-element-5e14a67 elementor-widget__width-initial elementor-widget elementor-widget-heading\" data-id=\"5e14a67\" data-element_type=\"widget\" data-widget_type=\"heading.default\">\n\t\t\t\t\t<h2 class=\"elementor-heading-title elementor-size-default\">\u2022\tFabrica\u00e7\u00e3o de tanques sob medida<\/h2>\t\t\t\t<\/div>\n\t\t\t\t<div class=\"elementor-element elementor-element-c695ccc elementor-widget__width-initial elementor-widget elementor-widget-heading\" data-id=\"c695ccc\" data-element_type=\"widget\" data-widget_type=\"heading.default\">\n\t\t\t\t\t<h2 class=\"elementor-heading-title elementor-size-default\">\u2022\tIntegra\u00e7\u00e3o de sistemas de v\u00e1cuo, hidrojato e hidr\u00e1ulica<\/h2>\t\t\t\t<\/div>\n\t\t\t\t<div class=\"elementor-element elementor-element-4d9e27a elementor-widget__width-initial elementor-widget elementor-widget-heading\" data-id=\"4d9e27a\" data-element_type=\"widget\" data-widget_type=\"heading.default\">\n\t\t\t\t\t<h2 class=\"elementor-heading-title elementor-size-default\">\u2022\tPersonaliza\u00e7\u00e3o conforme a necessidade do cliente<\/h2>\t\t\t\t<\/div>\n\t\t\t\t<\/div>\n\t\t\t\t\t<\/div>\n\t\t\t\t<\/div>\n\t\t<div class=\"elementor-element elementor-element-be73193 e-flex e-con-boxed wpr-particle-no wpr-jarallax-no wpr-parallax-no wpr-sticky-section-no e-con e-parent\" data-id=\"be73193\" data-element_type=\"container\" data-settings=\"{&quot;background_background&quot;:&quot;classic&quot;}\">\n\t\t\t\t\t<div class=\"e-con-inner\">\n\t\t<div class=\"elementor-element elementor-element-b634a7c e-con-full e-flex wpr-particle-no wpr-jarallax-no wpr-parallax-no wpr-sticky-section-no e-con e-child\" data-id=\"b634a7c\" data-element_type=\"container\">\n\t\t\t\t<div class=\"elementor-element elementor-element-552f8ab elementor-widget elementor-widget-image\" data-id=\"552f8ab\" data-element_type=\"widget\" data-widget_type=\"image.default\">\n\t\t\t\t\t\t\t\t\t\t\t\t\t\t\t<img loading=\"lazy\" decoding=\"async\" width=\"350\" height=\"200\" src=\"https:\/\/montefab.ind.br\/novosite\/wp-content\/uploads\/2025\/08\/Saneamento_4.png\" class=\"attachment-large size-large wp-image-265\" alt=\"\" srcset=\"https:\/\/montefab.ind.br\/novosite\/wp-content\/uploads\/2025\/08\/Saneamento_4.png 350w, https:\/\/montefab.ind.br\/novosite\/wp-content\/uploads\/2025\/08\/Saneamento_4-300x171.png 300w\" sizes=\"(max-width: 350px) 100vw, 350px\" \/>\t\t\t\t\t\t\t\t\t\t\t\t\t\t\t<\/div>\n\t\t\t\t<\/div>\n\t\t<div class=\"elementor-element elementor-element-5e5dcd7 e-con-full e-flex wpr-particle-no wpr-jarallax-no wpr-parallax-no wpr-sticky-section-no e-con e-child\" data-id=\"5e5dcd7\" data-element_type=\"container\">\n\t\t\t\t<div class=\"elementor-element elementor-element-ddbe01a elementor-widget elementor-widget-heading\" data-id=\"ddbe01a\" data-element_type=\"widget\" data-widget_type=\"heading.default\">\n\t\t\t\t\t<h2 class=\"elementor-heading-title elementor-size-default\">PE\u00c7AS<\/h2>\t\t\t\t<\/div>\n\t\t\t\t<div class=\"elementor-element elementor-element-09f69b1 elementor-widget__width-initial elementor-widget elementor-widget-heading\" data-id=\"09f69b1\" data-element_type=\"widget\" data-widget_type=\"heading.default\">\n\t\t\t\t\t<h2 class=\"elementor-heading-title elementor-size-default\">Tudo o que voc\u00ea precisa para manter sua opera\u00e7\u00e3o funcionando.<\/h2>\t\t\t\t<\/div>\n\t\t\t\t<div class=\"elementor-element elementor-element-3f4b11d elementor-widget__width-initial elementor-widget elementor-widget-heading\" data-id=\"3f4b11d\" data-element_type=\"widget\" data-widget_type=\"heading.default\">\n\t\t\t\t\t<h2 class=\"elementor-heading-title elementor-size-default\">\u2022\tRegistros e v\u00e1lvulas<\/h2>\t\t\t\t<\/div>\n\t\t\t\t<div class=\"elementor-element elementor-element-79ec5fe elementor-widget__width-initial elementor-widget elementor-widget-heading\" data-id=\"79ec5fe\" data-element_type=\"widget\" data-widget_type=\"heading.default\">\n\t\t\t\t\t<h2 class=\"elementor-heading-title elementor-size-default\">\u2022\tMotores orbitais<\/h2>\t\t\t\t<\/div>\n\t\t\t\t<div class=\"elementor-element elementor-element-885b573 elementor-widget__width-initial elementor-widget elementor-widget-heading\" data-id=\"885b573\" data-element_type=\"widget\" data-widget_type=\"heading.default\">\n\t\t\t\t\t<h2 class=\"elementor-heading-title elementor-size-default\">\u2022\tComandos hidr\u00e1ulicos<\/h2>\t\t\t\t<\/div>\n\t\t\t\t<div class=\"elementor-element elementor-element-d8c1145 elementor-widget__width-initial elementor-widget elementor-widget-heading\" data-id=\"d8c1145\" data-element_type=\"widget\" data-widget_type=\"heading.default\">\n\t\t\t\t\t<h2 class=\"elementor-heading-title elementor-size-default\">\u2022\tPolias, mancais, rolamentos e muito mais<\/h2>\t\t\t\t<\/div>\n\t\t\t\t<div class=\"elementor-element elementor-element-75304e4 elementor-widget__width-initial elementor-widget elementor-widget-heading\" data-id=\"75304e4\" data-element_type=\"widget\" data-widget_type=\"heading.default\">\n\t\t\t\t\t<h2 class=\"elementor-heading-title elementor-size-default\"><b><span style=\"font-size:10.5pt;line-height:107%;,sans-serif\">Pe\u00e7as de qualidade, prontas entrega e suporte t\u00e9cnico especializado.<\/span><\/b><\/h2>\t\t\t\t<\/div>\n\t\t\t\t<\/div>\n\t\t\t\t\t<\/div>\n\t\t\t\t<\/div>\n\t\t\t\t<\/div>\n\t\t","protected":false},"excerpt":{"rendered":"<p>EQUIPAMENTOS PARA SANEAMENTO A Montefab oferece solu\u00e7\u00f5es completas e sob medida para o setor de saneamento, com a qualidade e robustez que s\u00f3 quem tem a m\u00e3o de obra mais qualificada do pa\u00eds pode garantir. MANUTEN\u00c7\u00c3O Especialistas em manter seu equipamento sempre pronto para o trabalho. \u2022 Bombas de v\u00e1cuo e anel l\u00edquido \u2022 Tanques de suc\u00e7\u00e3o e reservat\u00f3rios \u2022 Sistemas hidr\u00e1ulicos e pneum\u00e1ticos \u2022 Hidrojateadoras e componentes de alta press\u00e3o Confian\u00e7a, agilidade e pe\u00e7as originais. EQUIPAMENTOS Projetos compactos e potentes para quem precisa de mobilidade e desempenho. \u2022 Mini-v\u00e1cuo limpa-fossa para ve\u00edculos como HR e 3\/4 \u2022 Bombas de v\u00e1cuo e hidrojato de alta performance \u2022 Sistemas combinados para suc\u00e7\u00e3o e hidrojateamento PROJETOS Da ideia ao caminh\u00e3o pronto para rodar. \u2022 Execu\u00e7\u00e3o completa de caminh\u00f5es limpa-fossa \u2022 Fabrica\u00e7\u00e3o de tanques sob medida \u2022 Integra\u00e7\u00e3o de sistemas de v\u00e1cuo, hidrojato e hidr\u00e1ulica \u2022 Personaliza\u00e7\u00e3o conforme a necessidade do cliente PE\u00c7AS Tudo o que voc\u00ea precisa para manter sua opera\u00e7\u00e3o funcionando. \u2022 Registros e v\u00e1lvulas \u2022 Motores orbitais \u2022 Comandos hidr\u00e1ulicos \u2022 Polias, mancais, rolamentos e muito mais Pe\u00e7as de qualidade, prontas entrega e suporte t\u00e9cnico especializado.<\/p>\n","protected":false},"author":1,"featured_media":0,"parent":0,"menu_order":0,"comment_status":"closed","ping_status":"closed","template":"elementor_header_footer","meta":{"footnotes":""},"class_list":["post-23","page","type-page","status-publish","hentry"],"_links":{"self":[{"href":"https:\/\/montefab.ind.br\/novosite\/wp-json\/wp\/v2\/pages\/23","targetHints":{"allow":["GET"]}}],"collection":[{"href":"https:\/\/montefab.ind.br\/novosite\/wp-json\/wp\/v2\/pages"}],"about":[{"href":"https:\/\/montefab.ind.br\/novosite\/wp-json\/wp\/v2\/types\/page"}],"author":[{"embeddable":true,"href":"https:\/\/montefab.ind.br\/novosite\/wp-json\/wp\/v2\/users\/1"}],"replies":[{"embeddable":true,"href":"https:\/\/montefab.ind.br\/novosite\/wp-json\/wp\/v2\/comments?post=23"}],"version-history":[{"count":31,"href":"https:\/\/montefab.ind.br\/novosite\/wp-json\/wp\/v2\/pages\/23\/revisions"}],"predecessor-version":[{"id":268,"href":"https:\/\/montefab.ind.br\/novosite\/wp-json\/wp\/v2\/pages\/23\/revisions\/268"}],"wp:attachment":[{"href":"https:\/\/montefab.ind.br\/novosite\/wp-json\/wp\/v2\/media?parent=23"}],"curies":[{"name":"wp","href":"https:\/\/api.w.org\/{rel}","templated":true}]}}